{"id":52,"date":"2025-07-31T04:06:21","date_gmt":"2025-07-31T04:06:21","guid":{"rendered":"https:\/\/maquinadecortarcoco.shop\/?page_id=52"},"modified":"2025-10-26T23:55:53","modified_gmt":"2025-10-26T23:55:53","slug":"elementor-52","status":"publish","type":"page","link":"https:\/\/maquinadecortarcoco.shop\/","title":{"rendered":""},"content":{"rendered":"\t\t<div data-elementor-type=\"wp-page\" data-elementor-id=\"52\" class=\"elementor elementor-52\">\n\t\t\t\t<div class=\"elementor-element elementor-element-18e7ffbe e-flex e-con-boxed e-con e-parent\" data-id=\"18e7ffbe\" data-element_type=\"container\">\n\t\t\t\t\t<div class=\"e-con-inner\">\n\t\t\t\t<div class=\"elementor-element elementor-element-1527a0b8 elementor-widget elementor-widget-heading\" data-id=\"1527a0b8\" data-element_type=\"widget\" data-widget_type=\"heading.default\">\n\t\t\t\t\t<h2 class=\"elementor-heading-title elementor-size-default\">Cansado de cortar coco no fac\u00e3o?<\/h2>\t\t\t\t<\/div>\n\t\t\t\t<div class=\"elementor-element elementor-element-64259d48 elementor-widget elementor-widget-text-editor\" data-id=\"64259d48\" data-element_type=\"widget\" data-widget_type=\"text-editor.default\">\n\t\t\t\t\t\t\t\t\t<p><em>A m\u00e1quina que vai transformar seu trabalho est\u00e1 aqui.<\/em><\/p>\t\t\t\t\t\t\t\t<\/div>\n\t\t\t\t<div class=\"elementor-element elementor-element-3378d1a9 elementor-widget elementor-widget-image\" data-id=\"3378d1a9\" data-element_type=\"widget\" data-widget_type=\"image.default\">\n\t\t\t\t\t\t\t\t\t\t\t\t\t\t\t\t<a href=\"https:\/\/wa.me\/5571992798589\">\n\t\t\t\t\t\t\t<img decoding=\"async\" src=\"https:\/\/maquinadecortarcoco.shop\/wp-content\/uploads\/2025\/07\/WhatsApp-Video-2025-07-28-at-18.58.59.mp4\" title=\"\" alt=\"\" loading=\"lazy\" \/>\t\t\t\t\t\t\t\t<\/a>\n\t\t\t\t\t\t\t\t\t\t\t\t\t\t\t<\/div>\n\t\t\t\t\t<\/div>\n\t\t\t\t<\/div>\n\t\t\t\t<section class=\"elementor-section elementor-top-section elementor-element elementor-element-716c540b elementor-section-boxed elementor-section-height-default elementor-section-height-default\" data-id=\"716c540b\" data-element_type=\"section\">\n\t\t\t\t\t\t<div class=\"elementor-container elementor-column-gap-default\">\n\t\t\t\t\t<div class=\"elementor-column elementor-col-100 elementor-top-column elementor-element elementor-element-5b583ef7\" data-id=\"5b583ef7\" data-element_type=\"column\">\n\t\t\t<div class=\"elementor-widget-wrap elementor-element-populated\">\n\t\t\t\t\t\t<div class=\"elementor-element elementor-element-702959ce elementor-widget elementor-widget-heading\" data-id=\"702959ce\" data-element_type=\"widget\" data-widget_type=\"heading.default\">\n\t\t\t\t\t<h2 class=\"elementor-heading-title elementor-size-default\">Chega de cortar coco no fac\u00e3o!<\/h2>\t\t\t\t<\/div>\n\t\t\t\t<div class=\"elementor-element elementor-element-6a83aa1b elementor-widget elementor-widget-text-editor\" data-id=\"6a83aa1b\" data-element_type=\"widget\" data-widget_type=\"text-editor.default\">\n\t\t\t\t\t\t\t\t\t<p><em>Evite esfor\u00e7o, riscos e perca de tempo. A CocoBlade corta at\u00e9 780 cocos por hora com seguran\u00e7a e precis\u00e3o.<\/em><\/p>\t\t\t\t\t\t\t\t<\/div>\n\t\t\t\t<div class=\"elementor-element elementor-element-5b600df9 elementor-align-center elementor-widget elementor-widget-button\" data-id=\"5b600df9\" data-element_type=\"widget\" data-widget_type=\"button.default\">\n\t\t\t\t\t\t\t\t\t\t<a class=\"elementor-button elementor-button-link elementor-size-sm\" href=\"https:\/\/wa.me\/5571992798589\">\n\t\t\t\t\t\t<span class=\"elementor-button-content-wrapper\">\n\t\t\t\t\t\t\t\t\t<span class=\"elementor-button-text\">Fale no WhatsApp<\/span>\n\t\t\t\t\t<\/span>\n\t\t\t\t\t<\/a>\n\t\t\t\t\t\t\t\t<\/div>\n\t\t\t\t\t<\/div>\n\t\t<\/div>\n\t\t\t\t\t<\/div>\n\t\t<\/section>\n\t\t\t\t<section class=\"elementor-section elementor-top-section elementor-element elementor-element-72894a75 elementor-section-boxed elementor-section-height-default elementor-section-height-default\" data-id=\"72894a75\" data-element_type=\"section\">\n\t\t\t\t\t\t<div class=\"elementor-container elementor-column-gap-default\">\n\t\t\t\t\t<div class=\"elementor-column elementor-col-100 elementor-top-column elementor-element elementor-element-59f5a553\" data-id=\"59f5a553\" data-element_type=\"column\">\n\t\t\t<div class=\"elementor-widget-wrap elementor-element-populated\">\n\t\t\t\t\t\t<div class=\"elementor-element elementor-element-622eb1d4 elementor-widget elementor-widget-heading\" data-id=\"622eb1d4\" data-element_type=\"widget\" data-widget_type=\"heading.default\">\n\t\t\t\t\t<h2 class=\"elementor-heading-title elementor-size-default\">Maquina ideal para:<\/h2>\t\t\t\t<\/div>\n\t\t\t\t<div class=\"elementor-element elementor-element-3c2575d5 elementor-widget elementor-widget-text-editor\" data-id=\"3c2575d5\" data-element_type=\"widget\" data-widget_type=\"text-editor.default\">\n\t\t\t\t\t\t\t\t\t<ul><li data-start=\"1177\" data-end=\"1190\"><p data-start=\"1179\" data-end=\"1190\"><em>Feirantes<\/em><\/p><\/li><li data-start=\"1191\" data-end=\"1221\"><p data-start=\"1193\" data-end=\"1221\"><em>Vendedores de \u00e1gua de coco<\/em><\/p><\/li><li data-start=\"1222\" data-end=\"1237\"><p data-start=\"1224\" data-end=\"1237\"><em>Atacadistas<\/em><\/p><\/li><li data-start=\"1238\" data-end=\"1252\"><p data-start=\"1240\" data-end=\"1252\"><em>Ind\u00fastrias<\/em><\/p><\/li><li data-start=\"1253\" data-end=\"1272\"><p data-start=\"1255\" data-end=\"1272\"><em>Produtores rurais<\/em><\/p><\/li><\/ul>\t\t\t\t\t\t\t\t<\/div>\n\t\t\t\t\t<\/div>\n\t\t<\/div>\n\t\t\t\t\t<\/div>\n\t\t<\/section>\n\t\t\t\t<section class=\"elementor-section elementor-top-section elementor-element elementor-element-6cf9cbc elementor-section-boxed elementor-section-height-default elementor-section-height-default\" data-id=\"6cf9cbc\" data-element_type=\"section\">\n\t\t\t\t\t\t<div class=\"elementor-container elementor-column-gap-default\">\n\t\t\t\t\t<div class=\"elementor-column elementor-col-100 elementor-top-column elementor-element elementor-element-73458c3f\" data-id=\"73458c3f\" data-element_type=\"column\">\n\t\t\t<div class=\"elementor-widget-wrap elementor-element-populated\">\n\t\t\t\t\t\t<div class=\"elementor-element elementor-element-3bca9788 elementor-widget elementor-widget-heading\" data-id=\"3bca9788\" data-element_type=\"widget\" data-widget_type=\"heading.default\">\n\t\t\t\t\t<h2 class=\"elementor-heading-title elementor-size-default\">Especifica\u00e7\u00f5es T\u00e9cnicas:<\/h2>\t\t\t\t<\/div>\n\t\t\t\t<div class=\"elementor-element elementor-element-749c321d elementor-widget elementor-widget-text-editor\" data-id=\"749c321d\" data-element_type=\"widget\" data-widget_type=\"text-editor.default\">\n\t\t\t\t\t\t\t\t\t<ul><li data-start=\"1480\" data-end=\"1514\"><p data-start=\"1482\" data-end=\"1514\"><em>Estrutura em inox<\/em><\/p><\/li><li data-start=\"1515\" data-end=\"1562\"><p data-start=\"1517\" data-end=\"1562\"><em>Motor el\u00e9trico 2 CV (bivolt opcional)<\/em><\/p><\/li><li data-start=\"1596\" data-end=\"1641\"><p data-start=\"1598\" data-end=\"1641\"><em>L\u00e2mina de a\u00e7o temperado 5 CM<\/em><\/p><\/li><li data-start=\"1642\" data-end=\"1678\"><p data-start=\"1644\" data-end=\"1678\"><em>Produ\u00e7\u00e3o de at\u00e9 780 cocos por hora<\/em><\/p><\/li><li data-start=\"1679\" data-end=\"1708\"><p data-start=\"1681\" data-end=\"1708\"><em>Compacta e de f\u00e1cil limpeza<\/em><\/p><\/li><li data-start=\"1709\" data-end=\"1753\"><p data-start=\"1711\" data-end=\"1753\"><em>Sistema de seguran\u00e7a com carenagem e trava<\/em><\/p><\/li><\/ul>\t\t\t\t\t\t\t\t<\/div>\n\t\t\t\t\t<\/div>\n\t\t<\/div>\n\t\t\t\t\t<\/div>\n\t\t<\/section>\n\t\t\t\t<section class=\"elementor-section elementor-top-section elementor-element elementor-element-2c55749f elementor-section-boxed elementor-section-height-default elementor-section-height-default\" data-id=\"2c55749f\" data-element_type=\"section\">\n\t\t\t\t\t\t<div class=\"elementor-container elementor-column-gap-default\">\n\t\t\t\t\t<div class=\"elementor-column elementor-col-100 elementor-top-column elementor-element elementor-element-245846f4\" data-id=\"245846f4\" data-element_type=\"column\">\n\t\t\t<div class=\"elementor-widget-wrap elementor-element-populated\">\n\t\t\t\t\t\t<div class=\"elementor-element elementor-element-331d4a4f elementor-widget elementor-widget-heading\" data-id=\"331d4a4f\" data-element_type=\"widget\" data-widget_type=\"heading.default\">\n\t\t\t\t\t<h2 class=\"elementor-heading-title elementor-size-default\">Depoimentos<\/h2>\t\t\t\t<\/div>\n\t\t\t\t<div class=\"elementor-element elementor-element-9940700 elementor-widget elementor-widget-text-editor\" data-id=\"9940700\" data-element_type=\"widget\" data-widget_type=\"text-editor.default\">\n\t\t\t\t\t\t\t\t\t<ul>\n<li data-start=\"1480\" data-end=\"1514\">\n<p data-start=\"1482\" data-end=\"1514\"><em data-start=\"2007\" data-end=\"2105\">&#8220;Comprei para meu quiosque e foi o melhor investimento.<\/em><br data-start=\"2105\" data-end=\"2108\" \/>\u2014 Marinalva, praia do Futuro &#8211; CE<\/p>\n<\/li>\n<\/ul>\t\t\t\t\t\t\t\t<\/div>\n\t\t\t\t<div class=\"elementor-element elementor-element-7a7a5c5c elementor-widget elementor-widget-text-editor\" data-id=\"7a7a5c5c\" data-element_type=\"widget\" data-widget_type=\"text-editor.default\">\n\t\t\t\t\t\t\t\t\t<ul>\n<li data-start=\"1480\" data-end=\"1514\">\n<p data-start=\"1482\" data-end=\"1514\"><em data-start=\"2007\" data-end=\"2105\">&#8220;Eu cortava 100 cocos por dia no fac\u00e3o. Com a CocoBlade, fa\u00e7o o triplo em menos tempo e sem me machucar&#8221;<\/em><br data-start=\"2105\" data-end=\"2108\" \/>\u2014 Jo\u00e3o, vendedor em Feira de Santana &#8211; BA<\/p>\n<\/li>\n<\/ul>\t\t\t\t\t\t\t\t<\/div>\n\t\t\t\t\t<\/div>\n\t\t<\/div>\n\t\t\t\t\t<\/div>\n\t\t<\/section>\n\t\t<div class=\"elementor-element elementor-element-43c34f3e e-flex e-con-boxed e-con e-parent\" data-id=\"43c34f3e\" data-element_type=\"container\">\n\t\t\t\t\t<div class=\"e-con-inner\">\n\t\t\t\t<div class=\"elementor-element elementor-element-49a87ee elementor-widget elementor-widget-heading\" data-id=\"49a87ee\" data-element_type=\"widget\" data-widget_type=\"heading.default\">\n\t\t\t\t\t<h2 class=\"elementor-heading-title elementor-size-default\">Oferta Especial De Lan\u00e7amento<\/h2>\t\t\t\t<\/div>\n\t\t\t\t\t<\/div>\n\t\t\t\t<\/div>\n\t\t<div class=\"elementor-element elementor-element-106acb7c e-flex e-con-boxed e-con e-parent\" data-id=\"106acb7c\" data-element_type=\"container\">\n\t\t\t\t\t<div class=\"e-con-inner\">\n\t\t\t\t<div class=\"elementor-element elementor-element-2ece2c80 elementor-widget elementor-widget-text-editor\" data-id=\"2ece2c80\" data-element_type=\"widget\" data-widget_type=\"text-editor.default\">\n\t\t\t\t\t\t\t\t\t<p><em>Adquira agora com <strong data-start=\"2235\" data-end=\"2257\">desconto exclusivo<\/strong> e <strong data-start=\"2260\" data-end=\"2287\">parcelamento facilitado<\/strong>.<\/em><\/p>\t\t\t\t\t\t\t\t<\/div>\n\t\t\t\t<div class=\"elementor-element elementor-element-7ab3c8f7 elementor-widget elementor-widget-text-editor\" data-id=\"7ab3c8f7\" data-element_type=\"widget\" data-widget_type=\"text-editor.default\">\n\t\t\t\t\t\t\t\t\t<ul><li>R$ 13.990<\/li><li>Cart\u00e3o de Cr\u00e9dito em ate 12x<\/li><li>Enviamos para todo o Brasil<\/li><li>Suporte tecnico direto com o fabricante<\/li><li>Garantia de 12 meses<\/li><\/ul>\t\t\t\t\t\t\t\t<\/div>\n\t\t\t\t<div class=\"elementor-element elementor-element-59bab1c9 elementor-align-center elementor-widget elementor-widget-button\" data-id=\"59bab1c9\" data-element_type=\"widget\" data-widget_type=\"button.default\">\n\t\t\t\t\t\t\t\t\t\t<a class=\"elementor-button elementor-button-link elementor-size-sm\" href=\"https:\/\/wa.me\/5571992798589\">\n\t\t\t\t\t\t<span class=\"elementor-button-content-wrapper\">\n\t\t\t\t\t\t\t\t\t<span class=\"elementor-button-text\">Quero Comprar Agora<\/span>\n\t\t\t\t\t<\/span>\n\t\t\t\t\t<\/a>\n\t\t\t\t\t\t\t\t<\/div>\n\t\t\t\t\t<\/div>\n\t\t\t\t<\/div>\n\t\t<div class=\"elementor-element elementor-element-3b4e0bc9 e-flex e-con-boxed e-con e-parent\" data-id=\"3b4e0bc9\" data-element_type=\"container\">\n\t\t\t\t\t<div class=\"e-con-inner\">\n\t\t\t\t<div class=\"elementor-element elementor-element-282f51c2 elementor-widget elementor-widget-image\" data-id=\"282f51c2\" data-element_type=\"widget\" data-widget_type=\"image.default\">\n\t\t\t\t\t\t\t\t\t\t\t\t\t\t\t\t<a href=\"https:\/\/wa.me\/5571992798589\">\n\t\t\t\t\t\t\t<img fetchpriority=\"high\" decoding=\"async\" width=\"1024\" height=\"683\" src=\"https:\/\/maquinadecortarcoco.shop\/wp-content\/uploads\/2025\/07\/ChatGPT-Image-30-de-jul.-de-2025-23_10_55-1024x683.png\" class=\"attachment-large size-large wp-image-17\" alt=\"\" srcset=\"https:\/\/maquinadecortarcoco.shop\/wp-content\/uploads\/2025\/07\/ChatGPT-Image-30-de-jul.-de-2025-23_10_55-1024x683.png 1024w, https:\/\/maquinadecortarcoco.shop\/wp-content\/uploads\/2025\/07\/ChatGPT-Image-30-de-jul.-de-2025-23_10_55-300x200.png 300w, https:\/\/maquinadecortarcoco.shop\/wp-content\/uploads\/2025\/07\/ChatGPT-Image-30-de-jul.-de-2025-23_10_55-768x512.png 768w, https:\/\/maquinadecortarcoco.shop\/wp-content\/uploads\/2025\/07\/ChatGPT-Image-30-de-jul.-de-2025-23_10_55.png 1536w\" sizes=\"(max-width: 1024px) 100vw, 1024px\" \/>\t\t\t\t\t\t\t\t<\/a>\n\t\t\t\t\t\t\t\t\t\t\t\t\t\t\t<\/div>\n\t\t\t\t\t<\/div>\n\t\t\t\t<\/div>\n\t\t\t\t<section class=\"elementor-section elementor-top-section elementor-element elementor-element-50763c8e elementor-section-boxed elementor-section-height-default elementor-section-height-default\" data-id=\"50763c8e\" data-element_type=\"section\">\n\t\t\t\t\t\t<div class=\"elementor-container elementor-column-gap-default\">\n\t\t\t\t\t<div class=\"elementor-column elementor-col-100 elementor-top-column elementor-element elementor-element-314ff170\" data-id=\"314ff170\" data-element_type=\"column\">\n\t\t\t<div class=\"elementor-widget-wrap elementor-element-populated\">\n\t\t\t\t\t\t<div class=\"elementor-element elementor-element-415c4455 elementor-align-center elementor-widget elementor-widget-button\" data-id=\"415c4455\" data-element_type=\"widget\" data-widget_type=\"button.default\">\n\t\t\t\t\t\t\t\t\t\t<a class=\"elementor-button elementor-button-link elementor-size-sm\" href=\"https:\/\/wa.me\/5571992798589\">\n\t\t\t\t\t\t<span class=\"elementor-button-content-wrapper\">\n\t\t\t\t\t\t\t\t\t<span class=\"elementor-button-text\">Fale no WhatsApp<\/span>\n\t\t\t\t\t<\/span>\n\t\t\t\t\t<\/a>\n\t\t\t\t\t\t\t\t<\/div>\n\t\t\t\t\t<\/div>\n\t\t<\/div>\n\t\t\t\t\t<\/div>\n\t\t<\/section>\n\t\t\t\t<\/div>\n\t\t","protected":false},"excerpt":{"rendered":"<p>Cansado de cortar coco no fac\u00e3o? A m\u00e1quina que vai transformar seu trabalho est\u00e1 aqui. Chega de cortar coco no fac\u00e3o! Evite esfor\u00e7o, riscos e perca de tempo. A CocoBlade corta at\u00e9 780 cocos por hora com seguran\u00e7a e precis\u00e3o. Fale no WhatsApp Maquina ideal para: Feirantes Vendedores de \u00e1gua de coco Atacadistas Ind\u00fastrias Produtores [&hellip;]<\/p>\n","protected":false},"author":1,"featured_media":0,"parent":0,"menu_order":0,"comment_status":"closed","ping_status":"closed","template":"","meta":{"footnotes":""},"class_list":["post-52","page","type-page","status-publish","hentry"],"_links":{"self":[{"href":"https:\/\/maquinadecortarcoco.shop\/index.php?rest_route=\/wp\/v2\/pages\/52","targetHints":{"allow":["GET"]}}],"collection":[{"href":"https:\/\/maquinadecortarcoco.shop\/index.php?rest_route=\/wp\/v2\/pages"}],"about":[{"href":"https:\/\/maquinadecortarcoco.shop\/index.php?rest_route=\/wp\/v2\/types\/page"}],"author":[{"embeddable":true,"href":"https:\/\/maquinadecortarcoco.shop\/index.php?rest_route=\/wp\/v2\/users\/1"}],"replies":[{"embeddable":true,"href":"https:\/\/maquinadecortarcoco.shop\/index.php?rest_route=%2Fwp%2Fv2%2Fcomments&post=52"}],"version-history":[{"count":14,"href":"https:\/\/maquinadecortarcoco.shop\/index.php?rest_route=\/wp\/v2\/pages\/52\/revisions"}],"predecessor-version":[{"id":81,"href":"https:\/\/maquinadecortarcoco.shop\/index.php?rest_route=\/wp\/v2\/pages\/52\/revisions\/81"}],"wp:attachment":[{"href":"https:\/\/maquinadecortarcoco.shop\/index.php?rest_route=%2Fwp%2Fv2%2Fmedia&parent=52"}],"curies":[{"name":"wp","href":"https:\/\/api.w.org\/{rel}","templated":true}]}}